{"id":3716,"date":"2024-07-17T10:03:16","date_gmt":"2024-07-17T08:03:16","guid":{"rendered":"https:\/\/www.mauricezufferey.ch\/produit\/astrance\/"},"modified":"2024-07-17T10:03:16","modified_gmt":"2024-07-17T08:03:16","slug":"astrance","status":"publish","type":"product","link":"https:\/\/www.mauricezufferey.ch\/de\/produkt\/astrance\/","title":{"rendered":"Astrance &#8211; AOC Valais"},"content":{"rendered":"<p>L\u2019aristocrate Pinot Noir, complexifi\u00e9 par une petite touche de Cornalin et quelques notes empyreumatiques d\u00e9coulant d\u2019un \u00e9levage en barrique parfaitement ma\u00eetris\u00e9 : c\u2019est l\u2019Astrance. Du Pinot Noir, il a la noblesse et le fruit\u00e9 intense. S\u2019y ajoutent une touche d\u2019encens, d\u2019\u00e9pices et de menthol. Superbe fra\u00eecheur et tannins \u00e9quilibr\u00e9s en finale de bouche.<\/p>\n","protected":false},"excerpt":{"rendered":"<p>L\u2019aristocrate Pinot Noir, complexifi\u00e9 par une petite touche de Cornalin et quelques notes empyreumatiques d\u00e9coulant d\u2019un \u00e9levage en barrique parfaitement ma\u00eetris\u00e9 : c\u2019est l\u2019Astrance. Du Pinot Noir, il a la noblesse et le fruit\u00e9 intense. S\u2019y ajoutent une touche d\u2019encens, d\u2019\u00e9pices et de menthol. Superbe fra\u00eecheur et tannins \u00e9quilibr\u00e9s en finale de bouche.<\/p>\n","protected":false},"featured_media":3636,"template":"","meta":{"_acf_changed":false},"product_brand":[],"product_cat":[132],"product_tag":[364,365,366,367,368,369,370],"class_list":{"0":"post-3716","1":"product","2":"type-product","3":"status-publish","4":"has-post-thumbnail","6":"product_cat-rose-de","7":"product_tag-aristocratique-de","8":"product_tag-barrique-de","9":"product_tag-boise-de","10":"product_tag-complexe-de","11":"product_tag-elegant-de","12":"product_tag-gastronomie-de","13":"product_tag-plaisir-de","15":"first","16":"instock","17":"shipping-taxable","18":"purchasable","19":"product-type-variable","20":"has-default-attributes"},"acf":[],"yoast_head":"<!-- This site is optimized with the Yoast SEO plugin v27.5 - https:\/\/yoast.com\/product\/yoast-seo-wordpress\/ -->\n<title>Astrance - AOC Valais - Cave Maurice Zufferey Vins, Muraz-sur-Sierre, Valais, Suisse<\/title>\n<meta name=\"description\" content=\"La cave de Maurice Zufferey, propri\u00e9taire encaveur, est situ\u00e9e \u00e0 Muraz-sur-Sierre, dans le Valais central (Suisse). Le domaine comprend 8.5 hectaures de vignes. Les deux tiers de la producation proviennent de c\u00e9pages rouges, un tiers de c\u00e9pages blancs.\" \/>\n<meta name=\"robots\" content=\"index, follow, max-snippet:-1, max-image-preview:large, max-video-preview:-1\" \/>\n<link rel=\"canonical\" href=\"https:\/\/www.mauricezufferey.ch\/de\/produkt\/astrance\/\" \/>\n<meta property=\"og:locale\" content=\"de_DE\" \/>\n<meta property=\"og:type\" content=\"article\" \/>\n<meta property=\"og:title\" content=\"Astrance - AOC Valais - Cave Maurice Zufferey Vins, Muraz-sur-Sierre, Valais, Suisse\" \/>\n<meta property=\"og:description\" content=\"La cave de Maurice Zufferey, propri\u00e9taire encaveur, est situ\u00e9e \u00e0 Muraz-sur-Sierre, dans le Valais central (Suisse). Le domaine comprend 8.5 hectaures de vignes. Les deux tiers de la producation proviennent de c\u00e9pages rouges, un tiers de c\u00e9pages blancs.\" \/>\n<meta property=\"og:url\" content=\"https:\/\/www.mauricezufferey.ch\/de\/produkt\/astrance\/\" \/>\n<meta property=\"og:site_name\" content=\"Maurice Zufferey\" \/>\n<meta property=\"article:publisher\" content=\"https:\/\/www.facebook.com\/cavemauricezufferey\" \/>\n<meta property=\"og:image\" content=\"https:\/\/www.mauricezufferey.ch\/wp-content\/uploads\/2024\/07\/ASTRANCE.webp\" \/>\n\t<meta property=\"og:image:width\" content=\"351\" \/>\n\t<meta property=\"og:image:height\" content=\"1230\" \/>\n\t<meta property=\"og:image:type\" content=\"image\/webp\" \/>\n<meta name=\"twitter:card\" content=\"summary_large_image\" \/>\n<meta name=\"twitter:label1\" content=\"Gesch\u00e4tzte Lesezeit\" \/>\n\t<meta name=\"twitter:data1\" content=\"1\u00a0Minute\" \/>\n<script type=\"application\/ld+json\" class=\"yoast-schema-graph\">{\"@context\":\"https:\\\/\\\/schema.org\",\"@graph\":[{\"@type\":\"WebPage\",\"@id\":\"https:\\\/\\\/www.mauricezufferey.ch\\\/de\\\/produkt\\\/astrance\\\/\",\"url\":\"https:\\\/\\\/www.mauricezufferey.ch\\\/de\\\/produkt\\\/astrance\\\/\",\"name\":\"Astrance - AOC Valais - Cave Maurice Zufferey Vins, Muraz-sur-Sierre, Valais, Suisse\",\"isPartOf\":{\"@id\":\"https:\\\/\\\/www.mauricezufferey.ch\\\/de\\\/#website\"},\"primaryImageOfPage\":{\"@id\":\"https:\\\/\\\/www.mauricezufferey.ch\\\/de\\\/produkt\\\/astrance\\\/#primaryimage\"},\"image\":{\"@id\":\"https:\\\/\\\/www.mauricezufferey.ch\\\/de\\\/produkt\\\/astrance\\\/#primaryimage\"},\"thumbnailUrl\":\"https:\\\/\\\/www.mauricezufferey.ch\\\/wp-content\\\/uploads\\\/2024\\\/07\\\/ASTRANCE.webp\",\"datePublished\":\"2024-07-17T08:03:16+00:00\",\"description\":\"La cave de Maurice Zufferey, propri\u00e9taire encaveur, est situ\u00e9e \u00e0 Muraz-sur-Sierre, dans le Valais central (Suisse). Le domaine comprend 8.5 hectaures de vignes. Les deux tiers de la producation proviennent de c\u00e9pages rouges, un tiers de c\u00e9pages blancs.\",\"breadcrumb\":{\"@id\":\"https:\\\/\\\/www.mauricezufferey.ch\\\/de\\\/produkt\\\/astrance\\\/#breadcrumb\"},\"inLanguage\":\"de\",\"potentialAction\":[{\"@type\":\"ReadAction\",\"target\":[\"https:\\\/\\\/www.mauricezufferey.ch\\\/de\\\/produkt\\\/astrance\\\/\"]}]},{\"@type\":\"ImageObject\",\"inLanguage\":\"de\",\"@id\":\"https:\\\/\\\/www.mauricezufferey.ch\\\/de\\\/produkt\\\/astrance\\\/#primaryimage\",\"url\":\"https:\\\/\\\/www.mauricezufferey.ch\\\/wp-content\\\/uploads\\\/2024\\\/07\\\/ASTRANCE.webp\",\"contentUrl\":\"https:\\\/\\\/www.mauricezufferey.ch\\\/wp-content\\\/uploads\\\/2024\\\/07\\\/ASTRANCE.webp\",\"width\":351,\"height\":1230},{\"@type\":\"BreadcrumbList\",\"@id\":\"https:\\\/\\\/www.mauricezufferey.ch\\\/de\\\/produkt\\\/astrance\\\/#breadcrumb\",\"itemListElement\":[{\"@type\":\"ListItem\",\"position\":1,\"name\":\"Accueil\",\"item\":\"https:\\\/\\\/www.mauricezufferey.ch\\\/de\\\/\"},{\"@type\":\"ListItem\",\"position\":2,\"name\":\"Shop\",\"item\":\"https:\\\/\\\/www.mauricezufferey.ch\\\/shop\\\/\"},{\"@type\":\"ListItem\",\"position\":3,\"name\":\"Astrance &#8211; AOC Valais\"}]},{\"@type\":\"WebSite\",\"@id\":\"https:\\\/\\\/www.mauricezufferey.ch\\\/de\\\/#website\",\"url\":\"https:\\\/\\\/www.mauricezufferey.ch\\\/de\\\/\",\"name\":\"Maurice Zufferey\",\"description\":\"\",\"publisher\":{\"@id\":\"https:\\\/\\\/www.mauricezufferey.ch\\\/de\\\/#organization\"},\"potentialAction\":[{\"@type\":\"SearchAction\",\"target\":{\"@type\":\"EntryPoint\",\"urlTemplate\":\"https:\\\/\\\/www.mauricezufferey.ch\\\/de\\\/?s={search_term_string}\"},\"query-input\":{\"@type\":\"PropertyValueSpecification\",\"valueRequired\":true,\"valueName\":\"search_term_string\"}}],\"inLanguage\":\"de\"},{\"@type\":\"Organization\",\"@id\":\"https:\\\/\\\/www.mauricezufferey.ch\\\/de\\\/#organization\",\"name\":\"Maurice Zufferey\",\"url\":\"https:\\\/\\\/www.mauricezufferey.ch\\\/de\\\/\",\"logo\":{\"@type\":\"ImageObject\",\"inLanguage\":\"de\",\"@id\":\"https:\\\/\\\/www.mauricezufferey.ch\\\/de\\\/#\\\/schema\\\/logo\\\/image\\\/\",\"url\":\"https:\\\/\\\/www.mauricezufferey.ch\\\/wp-content\\\/uploads\\\/2024\\\/05\\\/Logo-2.svg\",\"contentUrl\":\"https:\\\/\\\/www.mauricezufferey.ch\\\/wp-content\\\/uploads\\\/2024\\\/05\\\/Logo-2.svg\",\"width\":1,\"height\":1,\"caption\":\"Maurice Zufferey\"},\"image\":{\"@id\":\"https:\\\/\\\/www.mauricezufferey.ch\\\/de\\\/#\\\/schema\\\/logo\\\/image\\\/\"},\"sameAs\":[\"https:\\\/\\\/www.facebook.com\\\/cavemauricezufferey\",\"https:\\\/\\\/www.instagram.com\\\/mauricezufferey\\\/\"]}]}<\/script>\n<!-- \/ Yoast SEO plugin. -->","yoast_head_json":{"title":"Astrance - AOC Valais - Cave Maurice Zufferey Vins, Muraz-sur-Sierre, Valais, Suisse","description":"La cave de Maurice Zufferey, propri\u00e9taire encaveur, est situ\u00e9e \u00e0 Muraz-sur-Sierre, dans le Valais central (Suisse). Le domaine comprend 8.5 hectaures de vignes. Les deux tiers de la producation proviennent de c\u00e9pages rouges, un tiers de c\u00e9pages blancs.","robots":{"index":"index","follow":"follow","max-snippet":"max-snippet:-1","max-image-preview":"max-image-preview:large","max-video-preview":"max-video-preview:-1"},"canonical":"https:\/\/www.mauricezufferey.ch\/de\/produkt\/astrance\/","og_locale":"de_DE","og_type":"article","og_title":"Astrance - AOC Valais - Cave Maurice Zufferey Vins, Muraz-sur-Sierre, Valais, Suisse","og_description":"La cave de Maurice Zufferey, propri\u00e9taire encaveur, est situ\u00e9e \u00e0 Muraz-sur-Sierre, dans le Valais central (Suisse). Le domaine comprend 8.5 hectaures de vignes. Les deux tiers de la producation proviennent de c\u00e9pages rouges, un tiers de c\u00e9pages blancs.","og_url":"https:\/\/www.mauricezufferey.ch\/de\/produkt\/astrance\/","og_site_name":"Maurice Zufferey","article_publisher":"https:\/\/www.facebook.com\/cavemauricezufferey","og_image":[{"width":351,"height":1230,"url":"https:\/\/www.mauricezufferey.ch\/wp-content\/uploads\/2024\/07\/ASTRANCE.webp","type":"image\/webp"}],"twitter_card":"summary_large_image","twitter_misc":{"Gesch\u00e4tzte Lesezeit":"1\u00a0Minute"},"schema":{"@context":"https:\/\/schema.org","@graph":[{"@type":"WebPage","@id":"https:\/\/www.mauricezufferey.ch\/de\/produkt\/astrance\/","url":"https:\/\/www.mauricezufferey.ch\/de\/produkt\/astrance\/","name":"Astrance - AOC Valais - Cave Maurice Zufferey Vins, Muraz-sur-Sierre, Valais, Suisse","isPartOf":{"@id":"https:\/\/www.mauricezufferey.ch\/de\/#website"},"primaryImageOfPage":{"@id":"https:\/\/www.mauricezufferey.ch\/de\/produkt\/astrance\/#primaryimage"},"image":{"@id":"https:\/\/www.mauricezufferey.ch\/de\/produkt\/astrance\/#primaryimage"},"thumbnailUrl":"https:\/\/www.mauricezufferey.ch\/wp-content\/uploads\/2024\/07\/ASTRANCE.webp","datePublished":"2024-07-17T08:03:16+00:00","description":"La cave de Maurice Zufferey, propri\u00e9taire encaveur, est situ\u00e9e \u00e0 Muraz-sur-Sierre, dans le Valais central (Suisse). Le domaine comprend 8.5 hectaures de vignes. Les deux tiers de la producation proviennent de c\u00e9pages rouges, un tiers de c\u00e9pages blancs.","breadcrumb":{"@id":"https:\/\/www.mauricezufferey.ch\/de\/produkt\/astrance\/#breadcrumb"},"inLanguage":"de","potentialAction":[{"@type":"ReadAction","target":["https:\/\/www.mauricezufferey.ch\/de\/produkt\/astrance\/"]}]},{"@type":"ImageObject","inLanguage":"de","@id":"https:\/\/www.mauricezufferey.ch\/de\/produkt\/astrance\/#primaryimage","url":"https:\/\/www.mauricezufferey.ch\/wp-content\/uploads\/2024\/07\/ASTRANCE.webp","contentUrl":"https:\/\/www.mauricezufferey.ch\/wp-content\/uploads\/2024\/07\/ASTRANCE.webp","width":351,"height":1230},{"@type":"BreadcrumbList","@id":"https:\/\/www.mauricezufferey.ch\/de\/produkt\/astrance\/#breadcrumb","itemListElement":[{"@type":"ListItem","position":1,"name":"Accueil","item":"https:\/\/www.mauricezufferey.ch\/de\/"},{"@type":"ListItem","position":2,"name":"Shop","item":"https:\/\/www.mauricezufferey.ch\/shop\/"},{"@type":"ListItem","position":3,"name":"Astrance &#8211; AOC Valais"}]},{"@type":"WebSite","@id":"https:\/\/www.mauricezufferey.ch\/de\/#website","url":"https:\/\/www.mauricezufferey.ch\/de\/","name":"Maurice Zufferey","description":"","publisher":{"@id":"https:\/\/www.mauricezufferey.ch\/de\/#organization"},"potentialAction":[{"@type":"SearchAction","target":{"@type":"EntryPoint","urlTemplate":"https:\/\/www.mauricezufferey.ch\/de\/?s={search_term_string}"},"query-input":{"@type":"PropertyValueSpecification","valueRequired":true,"valueName":"search_term_string"}}],"inLanguage":"de"},{"@type":"Organization","@id":"https:\/\/www.mauricezufferey.ch\/de\/#organization","name":"Maurice Zufferey","url":"https:\/\/www.mauricezufferey.ch\/de\/","logo":{"@type":"ImageObject","inLanguage":"de","@id":"https:\/\/www.mauricezufferey.ch\/de\/#\/schema\/logo\/image\/","url":"https:\/\/www.mauricezufferey.ch\/wp-content\/uploads\/2024\/05\/Logo-2.svg","contentUrl":"https:\/\/www.mauricezufferey.ch\/wp-content\/uploads\/2024\/05\/Logo-2.svg","width":1,"height":1,"caption":"Maurice Zufferey"},"image":{"@id":"https:\/\/www.mauricezufferey.ch\/de\/#\/schema\/logo\/image\/"},"sameAs":["https:\/\/www.facebook.com\/cavemauricezufferey","https:\/\/www.instagram.com\/mauricezufferey\/"]}]}},"_links":{"self":[{"href":"https:\/\/www.mauricezufferey.ch\/de\/wp-json\/wp\/v2\/product\/3716","targetHints":{"allow":["GET"]}}],"collection":[{"href":"https:\/\/www.mauricezufferey.ch\/de\/wp-json\/wp\/v2\/product"}],"about":[{"href":"https:\/\/www.mauricezufferey.ch\/de\/wp-json\/wp\/v2\/types\/product"}],"wp:featuredmedia":[{"embeddable":true,"href":"https:\/\/www.mauricezufferey.ch\/de\/wp-json\/wp\/v2\/media\/3636"}],"wp:attachment":[{"href":"https:\/\/www.mauricezufferey.ch\/de\/wp-json\/wp\/v2\/media?parent=3716"}],"wp:term":[{"taxonomy":"product_brand","embeddable":true,"href":"https:\/\/www.mauricezufferey.ch\/de\/wp-json\/wp\/v2\/product_brand?post=3716"},{"taxonomy":"product_cat","embeddable":true,"href":"https:\/\/www.mauricezufferey.ch\/de\/wp-json\/wp\/v2\/product_cat?post=3716"},{"taxonomy":"product_tag","embeddable":true,"href":"https:\/\/www.mauricezufferey.ch\/de\/wp-json\/wp\/v2\/product_tag?post=3716"}],"curies":[{"name":"wp","href":"https:\/\/api.w.org\/{rel}","templated":true}]}}